{"id":3,"date":"2020-12-01T00:31:13","date_gmt":"2020-12-01T00:31:13","guid":{"rendered":"https:\/\/clinicavasculardebogota.com\/aviso-proteccion-datos\/?page_id=3"},"modified":"2021-03-29T03:50:07","modified_gmt":"2021-03-29T03:50:07","slug":"tratamiento-de-datos-personales","status":"publish","type":"page","link":"https:\/\/clinicavasculardebogota.com\/aviso-proteccion-datos\/","title":{"rendered":"Tratamiento de Datos Personales"},"content":{"rendered":"\t\t<div data-elementor-type=\"wp-page\" data-elementor-id=\"3\" class=\"elementor elementor-3\">\n\t\t\t\t\t\t<div class=\"elementor-inner\">\n\t\t\t\t<div class=\"elementor-section-wrap\">\n\t\t\t\t\t\t\t\t\t<section class=\"elementor-section elementor-top-section elementor-element elementor-element-115f61f elementor-section-stretched elementor-section-height-full elementor-section-boxed elementor-section-height-default elementor-section-items-middle\" data-id=\"115f61f\" data-element_type=\"section\" data-settings=\"{&quot;stretch_section&quot;:&quot;section-stretched&quot;}\">\n\t\t\t\t\t\t<div class=\"elementor-container elementor-column-gap-default\">\n\t\t\t\t\t\t\t<div class=\"elementor-row\">\n\t\t\t\t\t<div class=\"elementor-column elementor-col-100 elementor-top-column elementor-element elementor-element-d9294d0\" data-id=\"d9294d0\" data-element_type=\"column\">\n\t\t\t<div class=\"elementor-column-wrap elementor-element-populated\">\n\t\t\t\t\t\t\t<div class=\"elementor-widget-wrap\">\n\t\t\t\t\t\t<div class=\"elementor-element elementor-element-920ddd4 elementor-widget elementor-widget-image\" data-id=\"920ddd4\" data-element_type=\"widget\" data-widget_type=\"image.default\">\n\t\t\t\t<div class=\"elementor-widget-container\">\n\t\t\t\t\t\t\t\t<div class=\"elementor-image\">\n\t\t\t\t\t\t\t\t\t\t\t\t\t<a href=\"https:\/\/clinicavasculardebogota.com\" target=\"_blank\">\n\t\t\t\t\t\t\t<img loading=\"lazy\" decoding=\"async\" width=\"220\" height=\"63\" src=\"https:\/\/clinicavasculardebogota.com\/aviso-proteccion-datos\/wp-content\/uploads\/sites\/5\/2020\/12\/Logo-footer.png\" class=\"attachment-large size-large wp-image-8\" alt=\"\" \/>\t\t\t\t\t\t\t\t<\/a>\n\t\t\t\t\t\t\t\t\t\t\t\t\t\t<\/div>\n\t\t\t\t\t\t<\/div>\n\t\t\t\t<\/div>\n\t\t\t\t<div class=\"elementor-element elementor-element-4433d51 elementor-widget elementor-widget-heading\" data-id=\"4433d51\" data-element_type=\"widget\" data-widget_type=\"heading.default\">\n\t\t\t\t<div class=\"elementor-widget-container\">\n\t\t\t<h2 class=\"elementor-heading-title elementor-size-default\">AVISO DE PRIVACIDAD PARA CAMPA\u00d1AS PUBLICITARIAS<br> Y DEM\u00c1S ACTIVIDADES<\/h2>\t\t<\/div>\n\t\t\t\t<\/div>\n\t\t\t\t<div class=\"elementor-element elementor-element-67f58cd elementor-widget elementor-widget-text-editor\" data-id=\"67f58cd\" data-element_type=\"widget\" data-widget_type=\"text-editor.default\">\n\t\t\t\t<div class=\"elementor-widget-container\">\n\t\t\t\t\t\t\t\t<div class=\"elementor-text-editor elementor-clearfix\">\n\t\t\t\tLos datos personales que se recolectan tienen como finalidad informarme acerca de las actividades de promoci\u00f3n y divulgaci\u00f3n de informaci\u00f3n publicitaria y de inter\u00e9s, propias de los servicios prestados por la Cl\u00ednica Vascular de Bogot\u00e1 &#8211; Alberto Mu\u00f1oz Hoyos, en adelante la Cl\u00ednica, para la prevenci\u00f3n y cuidado de venas v\u00e1rices u otras condiciones de salud vascular. Autorizo a la Cl\u00ednica, para recolectar, compilar, almacenar, compartir y consultar mis datos personales, as\u00ed como el env\u00edo de informaci\u00f3n publicitaria o de inter\u00e9s sobre la salud vascular y los servicios de la Cl\u00ednica. En relaci\u00f3n con el tratamiento de los datos personales aqu\u00ed suministrados, la Cl\u00ednica Vascular de Bogot\u00e1 informa que este se realiza seg\u00fan lo establecido en la pol\u00edtica de tratamiento de datos personales la cual podr\u00e1 consultar en la p\u00e1gina: <br><a href=\"https:\/\/clinicavasculardebogota.com\/politica-de-tratamiento-de-datos-personales\/\" target=\"_blank\" rel=\"noopener\">POL\u00cdTICA DE TRATAMIENTO DE DATOS PERSONALES<\/a>\t\t\t\t\t<\/div>\n\t\t\t\t\t\t<\/div>\n\t\t\t\t<\/div>\n\t\t\t\t\t\t<\/div>\n\t\t\t\t\t<\/div>\n\t\t<\/div>\n\t\t\t\t\t\t\t\t<\/div>\n\t\t\t\t\t<\/div>\n\t\t<\/section>\n\t\t\t\t\t\t\t\t\t<\/div>\n\t\t\t<\/div>\n\t\t\t\t\t<\/div>\n\t\t","protected":false},"excerpt":{"rendered":"<p>AVISO DE PRIVACIDAD PARA CAMPA\u00d1AS PUBLICITARIAS Y DEM\u00c1S ACTIVIDADES Los datos personales que se recolectan tienen como finalidad informarme acerca de las actividades de promoci\u00f3n y divulgaci\u00f3n de informaci\u00f3n publicitaria y de inter\u00e9s, propias de los servicios prestados por la Cl\u00ednica Vascular de Bogot\u00e1 &#8211; Alberto Mu\u00f1oz Hoyos, en adelante la Cl\u00ednica, para la prevenci\u00f3n &#8230; <a title=\"Tratamiento de Datos Personales\" class=\"read-more\" href=\"https:\/\/clinicavasculardebogota.com\/aviso-proteccion-datos\/\" aria-label=\"Leer m\u00e1s sobre Tratamiento de Datos Personales\">Leer m\u00e1s<\/a><\/p>\n","protected":false},"author":6,"featured_media":0,"parent":0,"menu_order":0,"comment_status":"closed","ping_status":"closed","template":"elementor_canvas","meta":{"footnotes":""},"class_list":["post-3","page","type-page","status-publish"],"amp_enabled":true,"_links":{"self":[{"href":"https:\/\/clinicavasculardebogota.com\/aviso-proteccion-datos\/wp-json\/wp\/v2\/pages\/3","targetHints":{"allow":["GET"]}}],"collection":[{"href":"https:\/\/clinicavasculardebogota.com\/aviso-proteccion-datos\/wp-json\/wp\/v2\/pages"}],"about":[{"href":"https:\/\/clinicavasculardebogota.com\/aviso-proteccion-datos\/wp-json\/wp\/v2\/types\/page"}],"author":[{"embeddable":true,"href":"https:\/\/clinicavasculardebogota.com\/aviso-proteccion-datos\/wp-json\/wp\/v2\/users\/6"}],"replies":[{"embeddable":true,"href":"https:\/\/clinicavasculardebogota.com\/aviso-proteccion-datos\/wp-json\/wp\/v2\/comments?post=3"}],"version-history":[{"count":14,"href":"https:\/\/clinicavasculardebogota.com\/aviso-proteccion-datos\/wp-json\/wp\/v2\/pages\/3\/revisions"}],"predecessor-version":[{"id":24,"href":"https:\/\/clinicavasculardebogota.com\/aviso-proteccion-datos\/wp-json\/wp\/v2\/pages\/3\/revisions\/24"}],"wp:attachment":[{"href":"https:\/\/clinicavasculardebogota.com\/aviso-proteccion-datos\/wp-json\/wp\/v2\/media?parent=3"}],"curies":[{"name":"wp","href":"https:\/\/api.w.org\/{rel}","templated":true}]}}